{"id":101,"date":"2017-11-10T06:00:37","date_gmt":"2017-11-10T06:00:37","guid":{"rendered":"http:\/\/apressthemes.com\/demo68\/?page_id=101"},"modified":"2024-09-09T10:47:54","modified_gmt":"2024-09-09T10:47:54","slug":"servicios","status":"publish","type":"page","link":"https:\/\/www.wordswhizz.com\/es\/servicios\/","title":{"rendered":"Servicios"},"content":{"rendered":"<div class=\"wpb-content-wrapper\"><p>[vc_row full_width=\u00bbstretch_row\u00bb css=\u00bb.vc_custom_1510296741949{padding-top: 80px !important;padding-bottom: 120px !important;background-color: #f7f7f7 !important;}\u00bb][vc_column][apress_heading sub_title=\u00bb\u00bb data_animation=\u00bbfadeInUp\u00bb enable_delimiter=\u00bb\u00bb color_scheme=\u00bbdesign_your_own\u00bb main_heading_color=\u00bb#333333&#8243; style=\u00bbheading_style1&#8243; title_font_options=\u00bbtag:h2|font_size:30|line_height:40|letter_spacing:1&#8243; subtitle_font_options=\u00bbtag:div\u00bb heading_margin=\u00bbmargin-bottom:50&#8243;]\u201cLa traducci\u00f3n no es una cuesti\u00f3n de meras palabras; se trata de hacer inteligible toda una cultura.\u201d \u2013 Anthony Burgess[\/apress_heading]<div class=\"ult-spacer spacer-69d5b292dab3b\" data-id=\"69d5b292dab3b\" data-height=\"50\" data-height-mobile=\"\" data-height-tab=\"50\" data-height-tab-portrait=\"50\" data-height-mobile-landscape=\"\" style=\"clear:both;display:block;\"><\/div>[vc_row_inner][vc_column_inner width=\u00bb1\/3&#8243;][apress_gradient_icon_box icon_alignment=\u00bbleft\u00bb description=\u00bbComunicaci\u00f3n del mensaje deseado a un p\u00fablico meta espec\u00edfico; traducir con precisi\u00f3n una amplia variedad de material complejo, basado en las demandas de los clientes.\u00bb data_animation=\u00bbfadeInUp\u00bb data_delay=\u00bb300&#8243; icon_family=\u00bblinecons\u00bb icon_linecons=\u00bbvc_li vc_li-world\u00bb style=\u00bbiconbox_style6&#8243; title_font_options=\u00bbtag:h3&#8243;]Traducci\u00f3n[\/apress_gradient_icon_box][\/vc_column_inner][vc_column_inner width=\u00bb1\/3&#8243;][apress_gradient_icon_box icon_alignment=\u00bbleft\u00bb description=\u00bbEdici\u00f3n de traducciones para asegurar la coherencia y la fluidez del texto, eliminando errores de escritura, puntuaci\u00f3n o gram\u00e1tica, y proporcionando soluciones y aclaraciones sobre los problemas encontrados.\u00bb data_animation=\u00bbfadeInUp\u00bb data_delay=\u00bb600&#8243; icon_family=\u00bblinecons\u00bb icon_linecons=\u00bbvc_li vc_li-note\u00bb style=\u00bbiconbox_style6&#8243; title_font_options=\u00bbtag:h3&#8243;]Edici\u00f3n\/Correcci\u00f3n[\/apress_gradient_icon_box][\/vc_column_inner][vc_column_inner width=\u00bb1\/3&#8243;][apress_gradient_icon_box icon_alignment=\u00bbleft\u00bb description=\u00bbRegistros escritos de material de audio\/video, con un excelente \u00edndice de precisi\u00f3n. Disponible para transcripci\u00f3n literal (discursos con gui\u00f3n) y para transcripci\u00f3n natural (contenido sin gui\u00f3n).\u00bb data_animation=\u00bbfadeInUp\u00bb data_delay=\u00bb900&#8243; icon_family=\u00bblinecons\u00bb icon_linecons=\u00bbvc_li vc_li-key\u00bb style=\u00bbiconbox_style6&#8243; title_font_options=\u00bbtag:h3&#8243;]Transcripci\u00f3n[\/apress_gradient_icon_box][\/vc_column_inner][\/vc_row_inner][\/vc_column][\/vc_row][vc_row][vc_column][apress_testimonial authorimage=\u00bb345&#8243; testimonialimgborradi=\u00bb100&#8243; by=\u00bbAlina Ionas\u00bb designation=\u00bb\u00bb testimonialstyle=\u00bbtestimonials_style3&#8243;]Soy licenciada en Filolog\u00eda Inglesa (Universidad de Salamanca, Espa\u00f1a) y tengo un M\u00e1ster en Traducci\u00f3n e Interpretaci\u00f3n (Universidad de Westminster en Londres, Reino Unido).[\/apress_testimonial][\/vc_column][\/vc_row]<\/p>\n<\/div>","protected":false},"excerpt":{"rendered":"<p>[vc_row full_width=\u00bbstretch_row\u00bb css=\u00bb.vc_custom_1510296741949{padding-top: 80px !important;padding-bottom: 120px !important;background-color: #f7f7f7 !important;}\u00bb][vc_column][apress_heading sub_title=\u00bb\u00bb data_animation=\u00bbfadeInUp\u00bb enable_delimiter=\u00bb\u00bb color_scheme=\u00bbdesign_your_own\u00bb main_heading_color=\u00bb#333333&#8243; style=\u00bbheading_style1&#8243; title_font_options=\u00bbtag:h2|font_size:30|line_height:40|letter_spacing:1&#8243; subtitle_font_options=\u00bbtag:div\u00bb heading_margin=\u00bbmargin-bottom:50&#8243;]\u201cLa traducci\u00f3n no es una cuesti\u00f3n de meras palabras; se trata de hacer inteligible toda una cultura.\u201d \u2013 Anthony Burgess[\/apress_heading][vc_row_inner][vc_column_inner width=\u00bb1\/3&#8243;][apress_gradient_icon_box icon_alignment=\u00bbleft\u00bb description=\u00bbComunicaci\u00f3n&hellip;<\/p>\n","protected":false},"author":1,"featured_media":0,"parent":0,"menu_order":0,"comment_status":"closed","ping_status":"closed","template":"","meta":{"footnotes":""},"class_list":["post-101","page","type-page","status-publish","hentry"],"_links":{"self":[{"href":"https:\/\/www.wordswhizz.com\/es\/wp-json\/wp\/v2\/pages\/101"}],"collection":[{"href":"https:\/\/www.wordswhizz.com\/es\/wp-json\/wp\/v2\/pages"}],"about":[{"href":"https:\/\/www.wordswhizz.com\/es\/wp-json\/wp\/v2\/types\/page"}],"author":[{"embeddable":true,"href":"https:\/\/www.wordswhizz.com\/es\/wp-json\/wp\/v2\/users\/1"}],"replies":[{"embeddable":true,"href":"https:\/\/www.wordswhizz.com\/es\/wp-json\/wp\/v2\/comments?post=101"}],"version-history":[{"count":29,"href":"https:\/\/www.wordswhizz.com\/es\/wp-json\/wp\/v2\/pages\/101\/revisions"}],"predecessor-version":[{"id":346,"href":"https:\/\/www.wordswhizz.com\/es\/wp-json\/wp\/v2\/pages\/101\/revisions\/346"}],"wp:attachment":[{"href":"https:\/\/www.wordswhizz.com\/es\/wp-json\/wp\/v2\/media?parent=101"}],"curies":[{"name":"wp","href":"https:\/\/api.w.org\/{rel}","templated":true}]}}