{"id":160,"date":"2017-11-06T15:44:49","date_gmt":"2017-11-06T15:44:49","guid":{"rendered":"http:\/\/apressthemes.com\/demo68\/?page_id=2"},"modified":"2024-09-09T17:23:49","modified_gmt":"2024-09-09T17:23:49","slug":"traductor-de-rumano-ingles-espanol","status":"publish","type":"page","link":"https:\/\/www.wordswhizz.com\/es\/","title":{"rendered":"Traductor profesional de rumano, ingl\u00e9s y espa\u00f1ol"},"content":{"rendered":"<div class=\"wpb-content-wrapper\"><p>[vc_row gap=\u00bb20&#8243; equal_height=\u00bbyes\u00bb content_placement=\u00bbmiddle\u00bb css_animation=\u00bbfadeInUp\u00bb css=\u00bb.vc_custom_1592759713150{padding-top: 100px !important;}\u00bb][vc_column width=\u00bb1\/2&#8243;][apress_heading sub_title=\u00bb\u00bfBusca traductor? \u00bfCansado de desperdiciar sus recursos a la hora de comunicar la misma idea en un idioma diferente? En tiempos de mayor demanda de trabajo donde la premura es inevitable, transmitir el mensaje de un idioma a otro nunca hab\u00eda sido tan f\u00e1cil.\u00bb content_alignment=\u00bbleft\u00bb enable_delimiter=\u00bb\u00bb color_scheme=\u00bbdesign_your_own\u00bb main_heading_color=\u00bb#333333&#8243; style=\u00bbheading_style1&#8243; title_font_options=\u00bbtag:h2&#8243; subtitle_font_options=\u00bbtag:div\u00bb heading_margin=\u00bbmargin-bottom:30&#8243; subheading_margin=\u00bbmargin-bottom:50&#8243;]Calidad avalada por la experiencia[\/apress_heading][\/vc_column][vc_column width=\u00bb1\/2&#8243;][vc_single_image image=\u00bb348&#8243; img_size=\u00bb500&#215;377&#8243;][\/vc_column][\/vc_row][vc_row full_width=\u00bbstretch_row\u00bb css_animation=\u00bbfadeInUp\u00bb bg_type=\u00bbimage\u00bb parallax_style=\u00bbvcpb-vz-jquery\u00bb bg_image_new=\u00bbid^193|url^http:\/\/www.wordswhizz.com\/es\/wp-content\/uploads\/sites\/3\/2020\/06\/forest.jpg|caption^null|alt^null|title^forest|description^null\u00bb bg_image_repeat=\u00bbno-repeat\u00bb css=\u00bb.vc_custom_1592759724294{padding-top: 150px !important;padding-bottom: 150px !important;}\u00bb][vc_column css=\u00bb.vc_custom_1470037688258{padding-top: 0px !important;}\u00bb][apress_heading sub_title=\u00bbEn calidad de profesional triling\u00fce con una amplia experiencia en el sector ling\u00fc\u00edstico, garantizo que los servicios que ofrezco son impecables y entregados en el plazo de tiempo requerido.\u00bb enable_delimiter=\u00bb\u00bb color_scheme=\u00bbdesign_your_own\u00bb main_heading_color=\u00bb#ffffff\u00bb style=\u00bbheading_style1&#8243; title_font_options=\u00bbtag:h2&#8243; subtitle_font_options=\u00bbtag:div|color:rgba(0%2C0%2C0%2C0.49)\u00bb heading_margin=\u00bbmargin-bottom:30&#8243; subheading_margin=\u00bbmargin-bottom:50&#8243;]<a href=\"http:\/\/www.wordswhizz.com\/es\/sobre_mi\/\">Experiencia y profesionalidad<\/a>[\/apress_heading][\/vc_column][\/vc_row][vc_row gap=\u00bb20&#8243; equal_height=\u00bbyes\u00bb content_placement=\u00bbmiddle\u00bb css_animation=\u00bbfadeInUp\u00bb css=\u00bb.vc_custom_1510114488964{padding-top: 100px !important;padding-bottom: 100px !important;}\u00bb][vc_column width=\u00bb1\/3&#8243;][vc_single_image image=\u00bb347&#8243; img_size=\u00bb500&#215;273&#8243;][\/vc_column][vc_column width=\u00bb2\/3&#8243;][apress_heading sub_title=\u00bbDesarrollo de an\u00e1lisis l\u00f3gico y reflexivo en espa\u00f1ol, ingl\u00e9s y rumano. Dispongo de formaci\u00f3n profesional y cursos de Desarrollo Profesional Continuo (DPC) centrados en los mercados de la traducci\u00f3n e interpretaci\u00f3n.\u00bb content_alignment=\u00bbleft\u00bb enable_delimiter=\u00bb\u00bb color_scheme=\u00bbdesign_your_own\u00bb main_heading_color=\u00bb#333333&#8243; style=\u00bbheading_style1&#8243; title_font_options=\u00bbtag:h2&#8243; subtitle_font_options=\u00bbtag:div\u00bb heading_margin=\u00bbmargin-bottom:30&#8243; subheading_margin=\u00bbmargin-bottom:50&#8243;]Conocimientos t\u00e9cnicos, empresariales y ling\u00fc\u00edsticos[\/apress_heading][\/vc_column][\/vc_row]<\/p>\n<\/div>","protected":false},"excerpt":{"rendered":"<p>[vc_row gap=\u00bb20&#8243; equal_height=\u00bbyes\u00bb content_placement=\u00bbmiddle\u00bb css_animation=\u00bbfadeInUp\u00bb css=\u00bb.vc_custom_1592759713150{padding-top: 100px !important;}\u00bb][vc_column width=\u00bb1\/2&#8243;][apress_heading sub_title=\u00bb\u00bfBusca traductor? \u00bfCansado de desperdiciar sus recursos a la hora de comunicar la misma idea en un idioma diferente? En tiempos de mayor demanda de trabajo donde la premura es inevitable,&hellip;<\/p>\n","protected":false},"author":1,"featured_media":0,"parent":0,"menu_order":0,"comment_status":"closed","ping_status":"open","template":"","meta":{"footnotes":""},"class_list":["post-160","page","type-page","status-publish","hentry"],"_links":{"self":[{"href":"https:\/\/www.wordswhizz.com\/es\/wp-json\/wp\/v2\/pages\/160"}],"collection":[{"href":"https:\/\/www.wordswhizz.com\/es\/wp-json\/wp\/v2\/pages"}],"about":[{"href":"https:\/\/www.wordswhizz.com\/es\/wp-json\/wp\/v2\/types\/page"}],"author":[{"embeddable":true,"href":"https:\/\/www.wordswhizz.com\/es\/wp-json\/wp\/v2\/users\/1"}],"replies":[{"embeddable":true,"href":"https:\/\/www.wordswhizz.com\/es\/wp-json\/wp\/v2\/comments?post=160"}],"version-history":[{"count":35,"href":"https:\/\/www.wordswhizz.com\/es\/wp-json\/wp\/v2\/pages\/160\/revisions"}],"predecessor-version":[{"id":350,"href":"https:\/\/www.wordswhizz.com\/es\/wp-json\/wp\/v2\/pages\/160\/revisions\/350"}],"wp:attachment":[{"href":"https:\/\/www.wordswhizz.com\/es\/wp-json\/wp\/v2\/media?parent=160"}],"curies":[{"name":"wp","href":"https:\/\/api.w.org\/{rel}","templated":true}]}}