{"id":101,"date":"2017-11-10T06:00:37","date_gmt":"2017-11-10T06:00:37","guid":{"rendered":"http:\/\/apressthemes.com\/demo68\/?page_id=101"},"modified":"2024-09-09T10:48:29","modified_gmt":"2024-09-09T10:48:29","slug":"servicii","status":"publish","type":"page","link":"https:\/\/www.wordswhizz.com\/ro\/servicii\/","title":{"rendered":"Servicii"},"content":{"rendered":"<div class=\"wpb-content-wrapper\"><p>[vc_row full_width=&#8221;stretch_row&#8221; css=&#8221;.vc_custom_1596787532974{padding-top: 80px !important;padding-bottom: 120px !important;background-color: #f7f7f7 !important;}&#8221;][vc_column][apress_heading sub_title=&#8221;&#8221; data_animation=&#8221;fadeInUp&#8221; enable_delimiter=&#8221;&#8221; color_scheme=&#8221;design_your_own&#8221; main_heading_color=&#8221;#333333&#8243; style=&#8221;heading_style1&#8243; title_font_options=&#8221;tag:h2|font_size:30|line_height:40|letter_spacing:1&#8243; subtitle_font_options=&#8221;tag:div&#8221; heading_margin=&#8221;margin-bottom:50&#8243;]&#8221;Traducerea nu reprezint\u0103 o chestiune doar de alegere a unor cuvinte, ci ea reflect\u0103 capacitatea de a face inteligibil\u0103 o \u00eentreag\u0103 lume \u00eenaintea unei alte culturi.\u201d \u2013 Anthony Burgess[\/apress_heading]<div class=\"ult-spacer spacer-69d1c17fde11d\" data-id=\"69d1c17fde11d\" data-height=\"50\" data-height-mobile=\"\" data-height-tab=\"50\" data-height-tab-portrait=\"50\" data-height-mobile-landscape=\"\" style=\"clear:both;display:block;\"><\/div>[vc_row_inner][vc_column_inner width=&#8221;1\/3&#8243;][apress_gradient_icon_box icon_alignment=&#8221;left&#8221; description=&#8221;Transmiterea mesajului dorit c\u0103tre un anumit public \u021bint\u0103; traducerea cu precizie a unei mari variet\u0103\u021bi de materiale complexe, \u00een func\u021bie de cererilor clien\u021bilor.&#8221; data_animation=&#8221;fadeInUp&#8221; data_delay=&#8221;300&#8243; icon_family=&#8221;linecons&#8221; icon_linecons=&#8221;vc_li vc_li-world&#8221; style=&#8221;iconbox_style6&#8243; title_font_options=&#8221;tag:h3&#8243;]Traducere[\/apress_gradient_icon_box][\/vc_column_inner][vc_column_inner width=&#8221;1\/3&#8243;][apress_gradient_icon_box icon_alignment=&#8221;left&#8221; description=&#8221;Editarea traducerilor pentru a asigura coeren\u021ba \u0219i consecven\u021ba textului, elimin\u00e2nd erori precum gre\u0219eli de tipar, de punctua\u021bie sau gramaticale \u0219i oferind solu\u021bii \u0219i clarific\u0103ri cu privire la problemele g\u0103site.&#8221; data_animation=&#8221;fadeInUp&#8221; data_delay=&#8221;600&#8243; icon_family=&#8221;linecons&#8221; icon_linecons=&#8221;vc_li vc_li-note&#8221; style=&#8221;iconbox_style6&#8243; title_font_options=&#8221;tag:h3&#8243;]Editare\/Corectare[\/apress_gradient_icon_box][\/vc_column_inner][vc_column_inner width=&#8221;1\/3&#8243;][apress_gradient_icon_box icon_alignment=&#8221;left&#8221; description=&#8221;Registre scrise ale materialelor audio\/video, cu un grad de precizie superb. Disponibil\u0103 pentru pentru transcrieri verbatim \u0219i curat \u0219i non verbatim sau lizibile.&#8221; data_animation=&#8221;fadeInUp&#8221; data_delay=&#8221;900&#8243; icon_family=&#8221;linecons&#8221; icon_linecons=&#8221;vc_li vc_li-key&#8221; style=&#8221;iconbox_style6&#8243; title_font_options=&#8221;tag:h3&#8243;]Transcriere[\/apress_gradient_icon_box][\/vc_column_inner][\/vc_row_inner][\/vc_column][\/vc_row][vc_row][vc_column][apress_testimonial authorimage=&#8221;377&#8243; testimonialimgborradi=&#8221;100&#8243; by=&#8221;Alina Ionas&#8221; designation=&#8221;&#8221; testimonialstyle=&#8221;testimonials_style3&#8243;]Sunt licen\u021biat\u0103 \u00een Filologie Englez\u0103 (la Universitatea din Salamanca, Spania) \u0219i dispun de o diplom\u0103 de master \u00een Traducere \u0219i Interpretare din cadrul Universit\u0103\u021bii Westminster (Londra, Regatul Unit). [\/apress_testimonial][\/vc_column][\/vc_row]<\/p>\n<\/div>","protected":false},"excerpt":{"rendered":"<p>[vc_row full_width=&#8221;stretch_row&#8221; css=&#8221;.vc_custom_1596787532974{padding-top: 80px !important;padding-bottom: 120px !important;background-color: #f7f7f7 !important;}&#8221;][vc_column][apress_heading sub_title=&#8221;&#8221; data_animation=&#8221;fadeInUp&#8221; enable_delimiter=&#8221;&#8221; color_scheme=&#8221;design_your_own&#8221; main_heading_color=&#8221;#333333&#8243; style=&#8221;heading_style1&#8243; title_font_options=&#8221;tag:h2|font_size:30|line_height:40|letter_spacing:1&#8243; subtitle_font_options=&#8221;tag:div&#8221; heading_margin=&#8221;margin-bottom:50&#8243;]&#8221;Traducerea nu reprezint\u0103 o chestiune doar de alegere a unor cuvinte, ci ea reflect\u0103 capacitatea de a face inteligibil\u0103 o \u00eentreag\u0103 lume \u00eenaintea&hellip;<\/p>\n","protected":false},"author":1,"featured_media":0,"parent":0,"menu_order":0,"comment_status":"closed","ping_status":"closed","template":"","meta":{"footnotes":""},"class_list":["post-101","page","type-page","status-publish","hentry"],"_links":{"self":[{"href":"https:\/\/www.wordswhizz.com\/ro\/wp-json\/wp\/v2\/pages\/101"}],"collection":[{"href":"https:\/\/www.wordswhizz.com\/ro\/wp-json\/wp\/v2\/pages"}],"about":[{"href":"https:\/\/www.wordswhizz.com\/ro\/wp-json\/wp\/v2\/types\/page"}],"author":[{"embeddable":true,"href":"https:\/\/www.wordswhizz.com\/ro\/wp-json\/wp\/v2\/users\/1"}],"replies":[{"embeddable":true,"href":"https:\/\/www.wordswhizz.com\/ro\/wp-json\/wp\/v2\/comments?post=101"}],"version-history":[{"count":52,"href":"https:\/\/www.wordswhizz.com\/ro\/wp-json\/wp\/v2\/pages\/101\/revisions"}],"predecessor-version":[{"id":378,"href":"https:\/\/www.wordswhizz.com\/ro\/wp-json\/wp\/v2\/pages\/101\/revisions\/378"}],"wp:attachment":[{"href":"https:\/\/www.wordswhizz.com\/ro\/wp-json\/wp\/v2\/media?parent=101"}],"curies":[{"name":"wp","href":"https:\/\/api.w.org\/{rel}","templated":true}]}}