{"id":160,"date":"2017-11-06T15:44:49","date_gmt":"2017-11-06T15:44:49","guid":{"rendered":"http:\/\/apressthemes.com\/demo68\/?page_id=2"},"modified":"2024-09-09T17:27:04","modified_gmt":"2024-09-09T17:27:04","slug":"traducator-pentru-engleza-spaniola-romana","status":"publish","type":"page","link":"https:\/\/www.wordswhizz.com\/ro\/","title":{"rendered":"Caut traduc\u0103tor pentru englez\u0103, spaniol\u0103, rom\u00e2n\u0103"},"content":{"rendered":"<div class=\"wpb-content-wrapper\"><p>[vc_row gap=&#8221;20&#8243; equal_height=&#8221;yes&#8221; content_placement=&#8221;middle&#8221; css_animation=&#8221;fadeInUp&#8221; css=&#8221;.vc_custom_1592759713150{padding-top: 100px !important;}&#8221;][vc_column width=&#8221;1\/2&#8243;][apress_heading sub_title=&#8221;Nu v-a\u021bi s\u0103turat s\u0103 v\u0103 pierde\u021bi timpul \u0219i energia \u00eencerc\u00e2nd s\u0103 comunica\u021bi aceea\u0219i idee \u00eentr-o alt\u0103 limb\u0103? \u00cen zilele noastre, \u00een care cerin\u021bele de munc\u0103 au crescut \u0219i graba este inevitabil\u0103, nu a fost niciodat\u0103 mai u\u0219or s\u0103 transmite\u021bi mesajul dorit dintr-o limb\u0103 \u00een alta.&#8221; content_alignment=&#8221;left&#8221; enable_delimiter=&#8221;&#8221; color_scheme=&#8221;design_your_own&#8221; main_heading_color=&#8221;#333333&#8243; style=&#8221;heading_style1&#8243; title_font_options=&#8221;tag:h2&#8243; subtitle_font_options=&#8221;tag:div&#8221; heading_margin=&#8221;margin-bottom:30&#8243; subheading_margin=&#8221;margin-bottom:50&#8243;]Calitate perfec\u021bionat\u0103 prin intermediul experien\u021bei[\/apress_heading][\/vc_column][vc_column width=&#8221;1\/2&#8243;][vc_single_image image=&#8221;380&#8243; img_size=&#8221;500&#215;377&#8243;][\/vc_column][\/vc_row][vc_row full_width=&#8221;stretch_row&#8221; css_animation=&#8221;fadeInUp&#8221; bg_type=&#8221;image&#8221; parallax_style=&#8221;vcpb-vz-jquery&#8221; bg_image_new=&#8221;id^193|url^http:\/\/www.wordswhizz.com\/ro\/wp-content\/uploads\/sites\/4\/2020\/06\/forest.jpg|caption^null|alt^null|title^forest|description^null&#8221; bg_image_repeat=&#8221;no-repeat&#8221; css=&#8221;.vc_custom_1725902807300{padding-top: 100px !important;padding-bottom: 100px !important;}&#8221;][vc_column css=&#8221;.vc_custom_1470037688258{padding-top: 0px !important;}&#8221;][apress_heading sub_title=&#8221;\u00cen calitate de specialist trilingv, cu experien\u021b\u0103 vast\u0103 \u00een domeniul lingvistic, garantez servicii impecabile realizate \u00een intervalul de timp prev\u0103zut.&#8221; enable_delimiter=&#8221;&#8221; color_scheme=&#8221;design_your_own&#8221; main_heading_color=&#8221;#ffffff&#8221; style=&#8221;heading_style1&#8243; title_font_options=&#8221;tag:h2&#8243; subtitle_font_options=&#8221;tag:div|color:rgba(0%2C0%2C0%2C0.49)&#8221; heading_margin=&#8221;margin-bottom:30&#8243; subheading_margin=&#8221;margin-bottom:50&#8243;]<a href=\"http:\/\/www.wordswhizz.com\/ro\/despre_mine\/\">Experien\u021b\u0103 \u0219i profesionalism<\/a>[\/apress_heading][\/vc_column][\/vc_row][vc_row gap=&#8221;20&#8243; equal_height=&#8221;yes&#8221; content_placement=&#8221;middle&#8221; css_animation=&#8221;fadeInUp&#8221; css=&#8221;.vc_custom_1725902820021{padding-top: 10px !important;padding-bottom: 10px !important;}&#8221;][vc_column width=&#8221;1\/3&#8243;][vc_single_image image=&#8221;379&#8243; img_size=&#8221;500&#215;273&#8243;][\/vc_column][vc_column width=&#8221;2\/3&#8243;][apress_heading sub_title=&#8221;Analiz\u0103 logic\u0103 \u0219i reflectiv\u0103 \u00een spaniol\u0103, englez\u0103 \u0219i rom\u00e2n\u0103. Experien\u021b\u0103, formare universitar\u0103 \u0219i cursuri de Dezvoltare Profesional\u0103 Continu\u0103 (DPC) axate pe pie\u021bele de traducere \u0219i interpretare.&#8221; content_alignment=&#8221;left&#8221; enable_delimiter=&#8221;&#8221; color_scheme=&#8221;design_your_own&#8221; main_heading_color=&#8221;#333333&#8243; style=&#8221;heading_style1&#8243; title_font_options=&#8221;tag:h2&#8243; subtitle_font_options=&#8221;tag:div&#8221; heading_margin=&#8221;margin-bottom:30&#8243; subheading_margin=&#8221;margin-bottom:50&#8243;]Expertiz\u0103 tehnic\u0103, de afaceri \u0219i lingvistic\u0103[\/apress_heading][\/vc_column][\/vc_row]<\/p>\n<\/div>","protected":false},"excerpt":{"rendered":"<p>[vc_row gap=&#8221;20&#8243; equal_height=&#8221;yes&#8221; content_placement=&#8221;middle&#8221; css_animation=&#8221;fadeInUp&#8221; css=&#8221;.vc_custom_1592759713150{padding-top: 100px !important;}&#8221;][vc_column width=&#8221;1\/2&#8243;][apress_heading sub_title=&#8221;Nu v-a\u021bi s\u0103turat s\u0103 v\u0103 pierde\u021bi timpul \u0219i energia \u00eencerc\u00e2nd s\u0103 comunica\u021bi aceea\u0219i idee \u00eentr-o alt\u0103 limb\u0103? \u00cen zilele noastre, \u00een care cerin\u021bele de munc\u0103 au crescut \u0219i graba este inevitabil\u0103,&hellip;<\/p>\n","protected":false},"author":1,"featured_media":0,"parent":0,"menu_order":0,"comment_status":"closed","ping_status":"open","template":"","meta":{"footnotes":""},"class_list":["post-160","page","type-page","status-publish","hentry"],"_links":{"self":[{"href":"https:\/\/www.wordswhizz.com\/ro\/wp-json\/wp\/v2\/pages\/160"}],"collection":[{"href":"https:\/\/www.wordswhizz.com\/ro\/wp-json\/wp\/v2\/pages"}],"about":[{"href":"https:\/\/www.wordswhizz.com\/ro\/wp-json\/wp\/v2\/types\/page"}],"author":[{"embeddable":true,"href":"https:\/\/www.wordswhizz.com\/ro\/wp-json\/wp\/v2\/users\/1"}],"replies":[{"embeddable":true,"href":"https:\/\/www.wordswhizz.com\/ro\/wp-json\/wp\/v2\/comments?post=160"}],"version-history":[{"count":39,"href":"https:\/\/www.wordswhizz.com\/ro\/wp-json\/wp\/v2\/pages\/160\/revisions"}],"predecessor-version":[{"id":384,"href":"https:\/\/www.wordswhizz.com\/ro\/wp-json\/wp\/v2\/pages\/160\/revisions\/384"}],"wp:attachment":[{"href":"https:\/\/www.wordswhizz.com\/ro\/wp-json\/wp\/v2\/media?parent=160"}],"curies":[{"name":"wp","href":"https:\/\/api.w.org\/{rel}","templated":true}]}}